{"id":239211,"date":"2026-01-30T15:48:53","date_gmt":"2026-01-30T14:48:53","guid":{"rendered":"https:\/\/compassionvibes.shop\/product\/women-bonsai-tshirt-nature-inspired-cool-and-comfortable-outfit-with-unique-design\/"},"modified":"2026-03-18T10:35:50","modified_gmt":"2026-03-18T09:35:50","slug":"women-bonsai-tshirt-nature-inspired-cool-and-comfortable-outfit-with-unique-design","status":"publish","type":"product","link":"https:\/\/compassionvibes.shop\/de\/product\/women-bonsai-tshirt-nature-inspired-cool-and-comfortable-outfit-with-unique-design\/","title":{"rendered":"Bonsai Nature Women tshirt &#8211; Zen Tree tshirt &#8211; Japanese Botanical Style Tee"},"content":{"rendered":"<p>Blending influences from boho bonsai tee and woman bonsai tshirt, it adds a sense of calm style to the way you use your device. <\/p>\n<p>If you appreciate woman nature tee and nature print tshirt, you&#8217;ll enjoy how this piece combines visual identity with practical function. <\/p>\n<p>This bonsai graphic tee will appeal to those who see woman japanese tee and nature design tshirt as part of what defines their personal style. <\/p>\n<p>Jedes Element dieses niedlichen Bonsai-T-Shirts wurde sorgf\u00e4ltig durchdacht, um ein stilvolles Accessoire mit subtiler Pers\u00f6nlichkeit zu schaffen, das in sich verwurzelt ist. <\/p>\n<p>With nods to cute nature tee and bonsai print tshirt, it reflects a soft modern aesthetic that pairs well with any setting. <\/p>\n<p>Dieses Bonsai-T-Shirt verleiht Ihren Alltags-Essentials eine moderne, ausdrucksstarke Note und beh\u00e4lt dabei einen klaren und ausgewogenen Look. <\/p>\n<p>Designed as boho nature tshirt, it fits naturally into daily routines\u2014from texting to browsing and everything in between.<\/p>\n<p>\u25cf 100% luftgek\u00e4mmte und ringgesponnene Baumwolle (Fasergehalt kann bei verschiedenen Farben variieren)<br \/>\n\u25cf Leichtes Gewebe (4,2 oz\/yd\u00b2 (142 g\/m\u00b2))<br \/>\n\u25cf Schlanke Passform mit l\u00e4ngerer K\u00f6rperl\u00e4nge<br \/>\n\u25cf L\u00e4uft kleiner als \u00fcblich<br \/>\n\u25cf Etikett abrei\u00dfen<br \/>\nMit Seitenn\u00e4hten<br \/>\nSie befinden sich an den Seiten und tragen dazu bei, die Form des Kleidungsst\u00fccks l\u00e4nger zu erhalten und es zu st\u00fctzen.<\/p>\n<p>Rippstrickkragen mit Naht<br \/>\nRippenstrick macht den Kragen hochelastisch und sorgt f\u00fcr Formbest\u00e4ndigkeit<\/p>\n<p>Schultertape<br \/>\nTwillband an den Schultern\u00e4hten stabilisiert die R\u00fcckseite des Kleidungsst\u00fccks und verhindert das Ausdehnen.<\/p>\n<p>Zusammensetzung der Fasern<br \/>\nUnifarben sind 100% Baumwolle, Heidekrautfarben sind 52% Baumwolle, 48% Polyester (Schwarz und Athletic Heather sind 90% Baumwolle, 10% Polyester)<\/p>\n<p>Maschinenw\u00e4sche: warm (max. 40C oder 105F); chlorfrei: Bleichen nach Bedarf; Trocknen im Trockner: niedrige Hitze; B\u00fcgeln, D\u00e4mpfen oder Trocknen: mittlere Hitze; nicht chemisch reinigen.<\/p>\n<p>                                S M L XL 2XL     <\/p>\n<p>Breite, cm 40,60 42,50 45,10 47,60 50,20<br \/>\nL\u00e4nge, cm 66,70 67,90 69,50 71,10 72,70<br \/>\n\u00c4rmell\u00e4nge, cm 12,80 13,40 14,00 14,60 15,20<\/p>\n<p>EU-Vertreter: Compassion Vibes, manager@compassionvibes.shop, 20 rue du ranelagh, Paris, Ile de France, 75016, FR<br \/>\nProdukt-Informationen: Bella+Canvas 6004, 2 Jahre Garantie in der EU und Nordirland gem\u00e4\u00df der Richtlinie 1999\/44\/EG<br \/>\nWarnungen, Gefahr: F\u00fcr Erwachsene<br \/>\nPflegehinweise: Maschinenw\u00e4sche: warm (max. 40C oder 105F), chlorfrei: Bleichen nach Bedarf, Trocknen im Trockner: niedrige Hitze, B\u00fcgeln, D\u00e4mpfen oder Trocknen: mittlere Hitze, nicht chemisch reinigen<\/p>","protected":false},"excerpt":{"rendered":"<p>Blending influences from boho bonsai tee and woman bonsai tshirt, it adds a sense of calm style to the way you use your device. If you appreciate woman nature tee and nature print tshirt, you&#8217;ll enjoy how this piece combines visual identity with practical function. This bonsai graphic tee will appeal to those who see [&hellip;]<\/p>\n","protected":false},"featured_media":251628,"comment_status":"open","ping_status":"closed","template":"","meta":{"rs_blank_template":"","rs_page_bg_color":"","slide_template_v7":""},"product_brand":[],"product_cat":[2278,2289,2286,30,2261],"product_tag":[],"class_list":{"0":"post-239211","1":"product","2":"type-product","3":"status-publish","4":"has-post-thumbnail","6":"product_cat-animal-nature","7":"product_cat-cool","8":"product_cat-japanese","9":"product_cat-non-classee","10":"product_cat-woman-tshirt","12":"first","13":"instock","14":"taxable","15":"shipping-taxable","16":"purchasable","17":"product-type-variable","18":"has-default-attributes"},"_links":{"self":[{"href":"https:\/\/compassionvibes.shop\/de\/wp-json\/wp\/v2\/product\/239211","targetHints":{"allow":["GET"]}}],"collection":[{"href":"https:\/\/compassionvibes.shop\/de\/wp-json\/wp\/v2\/product"}],"about":[{"href":"https:\/\/compassionvibes.shop\/de\/wp-json\/wp\/v2\/types\/product"}],"replies":[{"embeddable":true,"href":"https:\/\/compassionvibes.shop\/de\/wp-json\/wp\/v2\/comments?post=239211"}],"wp:featuredmedia":[{"embeddable":true,"href":"https:\/\/compassionvibes.shop\/de\/wp-json\/wp\/v2\/media\/251628"}],"wp:attachment":[{"href":"https:\/\/compassionvibes.shop\/de\/wp-json\/wp\/v2\/media?parent=239211"}],"wp:term":[{"taxonomy":"product_brand","embeddable":true,"href":"https:\/\/compassionvibes.shop\/de\/wp-json\/wp\/v2\/product_brand?post=239211"},{"taxonomy":"product_cat","embeddable":true,"href":"https:\/\/compassionvibes.shop\/de\/wp-json\/wp\/v2\/product_cat?post=239211"},{"taxonomy":"product_tag","embeddable":true,"href":"https:\/\/compassionvibes.shop\/de\/wp-json\/wp\/v2\/product_tag?post=239211"}],"curies":[{"name":"wp","href":"https:\/\/api.w.org\/{rel}","templated":true}]}}